{"id":2,"date":"2026-03-14T12:40:04","date_gmt":"2026-03-14T12:40:04","guid":{"rendered":"https:\/\/tvgoteborg.se\/?page_id=2"},"modified":"2026-03-24T09:10:07","modified_gmt":"2026-03-24T09:10:07","slug":"sample-page","status":"publish","type":"page","link":"https:\/\/tvgoteborg.se\/index.php\/sample-page\/","title":{"rendered":"Om TV &#8211; G\u00f6teborg"},"content":{"rendered":"\n<p><strong>Nu f\u00e5r vi se vart det h\u00e4r leder.<\/strong><br><br>TV G\u00f6teborg \u00e4r ett projekt jag nyligen har startat, med ambitionen att utveckla det till en alternativ medieplattform f\u00f6r g\u00f6teborgarna. En kanal i samma anda som \u201c\u00c4r du go eller\u201d, men med ett eget uttryck.<\/p>\n\n\n\n<p class=\"has-medium-font-size\">H\u00e4r kommer du hitta live-tv fr\u00e5n stadens alla h\u00f6rn. Fr\u00e5n gatorna i centrum till omr\u00e5dena runt omkring f\u00e5ngar vi G\u00f6teborg som det faktiskt \u00e4r \u2013 i stunden. H\u00e4r m\u00f6ter du m\u00e4nniskor, h\u00e4ndelser och vardag direkt n\u00e4r det h\u00e4nder, utan filter.<\/p>\n\n\n\n<p>Det h\u00e4r \u00e4r en kanal f\u00f6r g\u00f6teborgarna, d\u00e4r stadens puls, humor och gemenskap f\u00e5r ta plats. Oavsett om du \u00e4r mitt i smeten eller bara vill k\u00e4nna in st\u00e4mningen hemifr\u00e5n, \u00e4r det h\u00e4r din l\u00e4nk till G\u00f6teborg \u2013 precis som det \u00e4r.<br><br>Jimmy Steffensen <\/p>\n","protected":false},"excerpt":{"rendered":"<p>Nu f\u00e5r vi se vart det h\u00e4r leder. TV G\u00f6teborg \u00e4r ett projekt jag nyligen har startat, med ambitionen att utveckla det till en alternativ medieplattform f\u00f6r g\u00f6teborgarna. En kanal i samma anda som \u201c\u00c4r du go eller\u201d, men med ett eget uttryck. H\u00e4r kommer du hitta live-tv fr\u00e5n stadens alla h\u00f6rn. Fr\u00e5n gatorna i [&hellip;]<\/p>\n","protected":false},"author":1,"featured_media":50,"parent":0,"menu_order":0,"comment_status":"closed","ping_status":"open","template":"","meta":{"footnotes":""},"class_list":["post-2","page","type-page","status-publish","has-post-thumbnail","hentry"],"_links":{"self":[{"href":"https:\/\/tvgoteborg.se\/index.php\/wp-json\/wp\/v2\/pages\/2","targetHints":{"allow":["GET"]}}],"collection":[{"href":"https:\/\/tvgoteborg.se\/index.php\/wp-json\/wp\/v2\/pages"}],"about":[{"href":"https:\/\/tvgoteborg.se\/index.php\/wp-json\/wp\/v2\/types\/page"}],"author":[{"embeddable":true,"href":"https:\/\/tvgoteborg.se\/index.php\/wp-json\/wp\/v2\/users\/1"}],"replies":[{"embeddable":true,"href":"https:\/\/tvgoteborg.se\/index.php\/wp-json\/wp\/v2\/comments?post=2"}],"version-history":[{"count":3,"href":"https:\/\/tvgoteborg.se\/index.php\/wp-json\/wp\/v2\/pages\/2\/revisions"}],"predecessor-version":[{"id":49,"href":"https:\/\/tvgoteborg.se\/index.php\/wp-json\/wp\/v2\/pages\/2\/revisions\/49"}],"wp:featuredmedia":[{"embeddable":true,"href":"https:\/\/tvgoteborg.se\/index.php\/wp-json\/wp\/v2\/media\/50"}],"wp:attachment":[{"href":"https:\/\/tvgoteborg.se\/index.php\/wp-json\/wp\/v2\/media?parent=2"}],"curies":[{"name":"wp","href":"https:\/\/api.w.org\/{rel}","templated":true}]}}